{"id":3,"date":"2022-10-08T19:28:38","date_gmt":"2022-10-08T17:28:38","guid":{"rendered":"http:\/\/www.alaincochin.fr\/?page_id=3"},"modified":"2023-12-22T17:17:50","modified_gmt":"2023-12-22T16:17:50","slug":"mentions-legales","status":"publish","type":"page","link":"https:\/\/www.alaincochin.fr\/index.php\/mentions-legales\/","title":{"rendered":"Mentions l\u00e9gales"},"content":{"rendered":"\n<p><strong>Propri\u00e9taire du site :<br><\/strong>Alain Cochin<br>alaincoc@outlook.fr<\/p>\n\n\n\n<p><strong>H\u00e9bergement :<br><\/strong>Le site est h\u00e9berg\u00e9 par la soci\u00e9t\u00e9 OVH \u2013 140 quai du Sartel \u2013 59100 Roubaix<\/p>\n\n\n\n<p>Ce site est exclusivement destin\u00e9 \u00e0 la pr\u00e9sentation des photographies prises par Alain Cochin. Toutes les photos sont la propri\u00e9t\u00e9 de Alain Cochin et sont prot\u00e9g\u00e9es par le droit d&#8217;auteur. Toute reproduction ou utilisation sans autorisation explicite est interdite.<\/p>\n\n\n\n<p>Aucune donn\u00e9e personnelle n&#8217;est collect\u00e9e sur ce site.<\/p>\n\n\n\n<p>Pour toute question ou demande, veuillez contacter alaincoc@outlook.fr<\/p>\n\n\n\n<div style=\"height:215px\" aria-hidden=\"true\" class=\"wp-block-spacer\"><\/div>\n","protected":false},"excerpt":{"rendered":"<p>Propri\u00e9taire du site :Alain Cochinalaincoc@outlook.fr H\u00e9bergement :Le site est h\u00e9berg\u00e9 par la soci\u00e9t\u00e9 OVH \u2013 140 quai du Sartel \u2013 59100 Roubaix Ce site est exclusivement destin\u00e9 \u00e0 la pr\u00e9sentation des photographies prises par Alain Cochin. Toutes les photos sont la propri\u00e9t\u00e9 de Alain Cochin et sont prot\u00e9g\u00e9es par le droit d&#8217;auteur. Toute reproduction ou [&hellip;]<\/p>\n","protected":false},"author":1,"featured_media":0,"parent":0,"menu_order":44,"comment_status":"closed","ping_status":"open","template":"","meta":{"_acf_changed":false,"footnotes":""},"class_list":["post-3","page","type-page","status-publish","hentry"],"acf":[],"_links":{"self":[{"href":"https:\/\/www.alaincochin.fr\/index.php\/wp-json\/wp\/v2\/pages\/3","targetHints":{"allow":["GET"]}}],"collection":[{"href":"https:\/\/www.alaincochin.fr\/index.php\/wp-json\/wp\/v2\/pages"}],"about":[{"href":"https:\/\/www.alaincochin.fr\/index.php\/wp-json\/wp\/v2\/types\/page"}],"author":[{"embeddable":true,"href":"https:\/\/www.alaincochin.fr\/index.php\/wp-json\/wp\/v2\/users\/1"}],"replies":[{"embeddable":true,"href":"https:\/\/www.alaincochin.fr\/index.php\/wp-json\/wp\/v2\/comments?post=3"}],"version-history":[{"count":2,"href":"https:\/\/www.alaincochin.fr\/index.php\/wp-json\/wp\/v2\/pages\/3\/revisions"}],"predecessor-version":[{"id":3639,"href":"https:\/\/www.alaincochin.fr\/index.php\/wp-json\/wp\/v2\/pages\/3\/revisions\/3639"}],"wp:attachment":[{"href":"https:\/\/www.alaincochin.fr\/index.php\/wp-json\/wp\/v2\/media?parent=3"}],"curies":[{"name":"wp","href":"https:\/\/api.w.org\/{rel}","templated":true}]}}